{"id":1246,"date":"2022-11-28T09:50:51","date_gmt":"2022-11-28T09:50:51","guid":{"rendered":"https:\/\/jdh.cuco.dev\/?page_id=1246"},"modified":"2025-02-11T11:47:06","modified_gmt":"2025-02-11T11:47:06","slug":"verwaltungsrat-direktion","status":"publish","type":"page","link":"https:\/\/jdh.lu\/de\/verwaltungsrat-direktion\/","title":{"rendered":"Verwaltungsrat und Direktion"},"content":{"rendered":"<section class=\"wpb-content-wrapper\"><p>[vc_row][vc_column][vc_column_text]<strong>Der Verwaltungsrat<\/strong> setzt sich wie folgt zusammen:[\/vc_column_text][\/vc_column][\/vc_row][vc_row][vc_column][vc_column_text]Dr. Claude WEYDERT &#8211; Vorsitzender<br \/>\nDr. Yves LAMMAR &#8211; Stellvertretender Vorsitzender<br \/>\nDr. Jorge BATISTA &#8211; Schatzmeister<br \/>\nFrau Gitta ROSE &#8211; Sekret\u00e4rin<\/p>\n<p>&nbsp;<\/p>\n<p><strong>Mitglieder :<br \/>\n<\/strong>Frau Andr\u00e9e BRAUN<br \/>\nDr. Jean-Paul NILLES<br \/>\nFrau Catherine THINNES<br \/>\nFrau Jessica DURBACH<br \/>\nHerr Philippe SKIBA<br \/>\nFrau Zo\u00e9 VAN DYCK<\/p>\n<p>&nbsp;<\/p>\n<p><strong>Direktion:<\/strong><br \/>\nFrau Ute HEINZ[\/vc_column_text][\/vc_column][\/vc_row]<\/p>\n<\/section>","protected":false},"excerpt":{"rendered":"<p>[vc_row][vc_column][vc_column_text]Der Verwaltungsrat setzt sich wie folgt zusammen:[\/vc_column_text][\/vc_column][\/vc_row][vc_row][vc_column][vc_column_text]Dr. Claude WEYDERT &#8211; Vorsitzender Dr. Yves LAMMAR &#8211; Stellvertretender Vorsitzender Dr. Jorge BATISTA &#8211; Schatzmeister Frau Gitta ROSE &#8211; Sekret\u00e4rin &nbsp; Mitglieder : Frau Andr\u00e9e BRAUN Dr. Jean-Paul NILLES Frau Catherine THINNES Frau Jessica DURBACH Herr Philippe SKIBA Frau Zo\u00e9 VAN DYCK &nbsp; Direktion: Frau Ute HEINZ[\/vc_column_text][\/vc_column][\/vc_row]<\/p>\n","protected":false},"author":1,"featured_media":0,"parent":0,"menu_order":0,"comment_status":"closed","ping_status":"closed","template":"","meta":{"_acf_changed":false,"inline_featured_image":false,"footnotes":""},"class_list":["post-1246","page","type-page","status-publish","hentry"],"acf":[],"_links":{"self":[{"href":"https:\/\/jdh.lu\/de\/wp-json\/wp\/v2\/pages\/1246","targetHints":{"allow":["GET"]}}],"collection":[{"href":"https:\/\/jdh.lu\/de\/wp-json\/wp\/v2\/pages"}],"about":[{"href":"https:\/\/jdh.lu\/de\/wp-json\/wp\/v2\/types\/page"}],"author":[{"embeddable":true,"href":"https:\/\/jdh.lu\/de\/wp-json\/wp\/v2\/users\/1"}],"replies":[{"embeddable":true,"href":"https:\/\/jdh.lu\/de\/wp-json\/wp\/v2\/comments?post=1246"}],"version-history":[{"count":17,"href":"https:\/\/jdh.lu\/de\/wp-json\/wp\/v2\/pages\/1246\/revisions"}],"predecessor-version":[{"id":4324,"href":"https:\/\/jdh.lu\/de\/wp-json\/wp\/v2\/pages\/1246\/revisions\/4324"}],"wp:attachment":[{"href":"https:\/\/jdh.lu\/de\/wp-json\/wp\/v2\/media?parent=1246"}],"curies":[{"name":"wp","href":"https:\/\/api.w.org\/{rel}","templated":true}]}}