{"id":30,"date":"2022-04-21T13:50:48","date_gmt":"2022-04-21T13:50:48","guid":{"rendered":"https:\/\/jdh.cuco.dev\/?page_id=30"},"modified":"2023-08-14T19:05:39","modified_gmt":"2023-08-14T19:05:39","slug":"ueber-uns","status":"publish","type":"page","link":"https:\/\/jdh.lu\/de\/ueber-uns\/","title":{"rendered":"\u00dcber uns"},"content":{"rendered":"<section class=\"wpb-content-wrapper\"><p>[vc_row css=&#8220;.vc_custom_1650880504255{padding-top: 5% !important;padding-bottom: 5% !important;}&#8220;][vc_column][vc_row_inner][vc_column_inner width=&#8220;1\/2&#8243;][vc_custom_heading text=&#8220;Alle Abteilungen&#8220; font_container=&#8220;tag:h3|text_align:left&#8220; use_theme_fonts=&#8220;yes&#8220;][vc_column_text]Finden sie hier eine \u00dcbersicht \u00fcber alle unsere Abteilungen, Angebote und direkten Kontaktdaten zu den jeweiligen Abteilungen.[\/vc_column_text][\/vc_column_inner][vc_column_inner width=&#8220;1\/2&#8243;][\/vc_column_inner][\/vc_row_inner]\r\n    <div id=\"department-69f5b27641236\" class=\"row\"><\/div>\r\n\r\n    <script>\r\n        jQuery(document).ready(function () {\r\n            sendDepartmentRequest();\r\n        });\r\n\r\n        function sendDepartmentRequest() {\r\n            cc_performPostRequest({\r\n                uniqueIdAjaxWrapper: 'department-69f5b27641236',\r\n                showLoaderAnimation: true,\r\n                postType: 'department',\r\n                count: -1,\r\n                wantCustomFields: [\"icon\", 'preview'],\r\n                wantExcerpt: true,\r\n                successCB: function (result, config) {\r\n\r\n                    if (result.data !== undefined && result.data.length !== 0) {\r\n\r\n                        let template_path = _theme_directory + '\/includes\/jdh\/departments\/templates\/';\r\n                        let item = '';\r\n                        let output = jQuery('#' + config.uniqueIdAjaxWrapper);\r\n\r\n                        jQuery.Mustache.load(template_path + 'department.html').done(function () {\r\n                            jQuery.each(result.data, function (key, obj) {\r\n                                item = jQuery.Mustache.render('department-item', obj);\r\n                                output.append(item);\r\n                            });\/\/each item\r\n                        });\/\/mustache\r\n\r\n                    } else {\r\n                        cc_debug(\"Now what?\")\r\n                        return null;\r\n                    }\r\n                }\r\n            });\r\n        }\r\n    <\/script>\r\n\r\n\t[\/vc_column][\/vc_row][vc_row gap=&#8220;35&#8243; equal_height=&#8220;yes&#8220; content_placement=&#8220;middle&#8220; css=&#8220;.vc_custom_1651002415110{padding-top: 5% !important;padding-bottom: 5% !important;}&#8220;][vc_column width=&#8220;1\/2&#8243;][vc_single_image image=&#8220;299&#8243; el_class=&#8220;reddots_pattern&#8220;][vc_custom_heading text=&#8220;Ziele und Grunds\u00e4tze&#8220; font_container=&#8220;tag:h3|text_align:left&#8220; use_theme_fonts=&#8220;yes&#8220;][vc_column_text]Wir respektieren Ihre W\u00fcnsche und Ziele. L\u00f6sungswege erarbeiten wir gemeinsam mit Ihnen.<\/p>\n<p>Ihre Zusammenarbeit mit uns verl\u00e4uft grunds\u00e4tzlich auf freiwilliger Basis.<\/p>\n<p>Diskretion, Wahrung der Anonymit\u00e4t, der Schweigepflicht und des Datenschutzes sind f\u00fcr uns selbstverst\u00e4ndlich.<\/p>\n<p>Wir legen wert auf Zusatzqualifikationen unserer Mitarbeiter:innen, die uns in der t\u00e4glichen Arbeit mit der Problematik &#8222;Sucht&#8220; voranbringen.[\/vc_column_text][\/vc_column][vc_column width=&#8220;1\/2&#8243;][vc_single_image image=&#8220;618&#8243; img_size=&#8220;full&#8220; el_class=&#8220;image-bgshadow&#8220;][\/vc_column][\/vc_row]<\/p>\n<\/section>","protected":false},"excerpt":{"rendered":"<p>[vc_row css=&#8220;.vc_custom_1650880504255{padding-top: 5% !important;padding-bottom: 5% !important;}&#8220;][vc_column][vc_row_inner][vc_column_inner width=&#8220;1\/2&#8243;][vc_custom_heading text=&#8220;Alle Abteilungen&#8220; font_container=&#8220;tag:h3|text_align:left&#8220; use_theme_fonts=&#8220;yes&#8220;][vc_column_text]Finden sie hier eine \u00dcbersicht \u00fcber alle unsere Abteilungen, Angebote und direkten Kontaktdaten zu den jeweiligen Abteilungen.[\/vc_column_text][\/vc_column_inner][vc_column_inner width=&#8220;1\/2&#8243;][\/vc_column_inner][\/vc_row_inner][\/vc_column][\/vc_row][vc_row gap=&#8220;35&#8243; equal_height=&#8220;yes&#8220; content_placement=&#8220;middle&#8220; css=&#8220;.vc_custom_1651002415110{padding-top: 5% !important;padding-bottom: 5% !important;}&#8220;][vc_column width=&#8220;1\/2&#8243;][vc_single_image image=&#8220;299&#8243; el_class=&#8220;reddots_pattern&#8220;][vc_custom_heading text=&#8220;Ziele und Grunds\u00e4tze&#8220; font_container=&#8220;tag:h3|text_align:left&#8220; use_theme_fonts=&#8220;yes&#8220;][vc_column_text]Wir respektieren Ihre W\u00fcnsche und Ziele. L\u00f6sungswege erarbeiten wir gemeinsam mit Ihnen. [&hellip;]<\/p>\n","protected":false},"author":1,"featured_media":0,"parent":0,"menu_order":0,"comment_status":"closed","ping_status":"closed","template":"","meta":{"_acf_changed":false,"inline_featured_image":false,"footnotes":""},"class_list":["post-30","page","type-page","status-publish","hentry"],"acf":[],"_links":{"self":[{"href":"https:\/\/jdh.lu\/de\/wp-json\/wp\/v2\/pages\/30","targetHints":{"allow":["GET"]}}],"collection":[{"href":"https:\/\/jdh.lu\/de\/wp-json\/wp\/v2\/pages"}],"about":[{"href":"https:\/\/jdh.lu\/de\/wp-json\/wp\/v2\/types\/page"}],"author":[{"embeddable":true,"href":"https:\/\/jdh.lu\/de\/wp-json\/wp\/v2\/users\/1"}],"replies":[{"embeddable":true,"href":"https:\/\/jdh.lu\/de\/wp-json\/wp\/v2\/comments?post=30"}],"version-history":[{"count":44,"href":"https:\/\/jdh.lu\/de\/wp-json\/wp\/v2\/pages\/30\/revisions"}],"predecessor-version":[{"id":2541,"href":"https:\/\/jdh.lu\/de\/wp-json\/wp\/v2\/pages\/30\/revisions\/2541"}],"wp:attachment":[{"href":"https:\/\/jdh.lu\/de\/wp-json\/wp\/v2\/media?parent=30"}],"curies":[{"name":"wp","href":"https:\/\/api.w.org\/{rel}","templated":true}]}}