{"id":36,"date":"2022-04-21T13:51:53","date_gmt":"2022-04-21T13:51:53","guid":{"rendered":"https:\/\/jdh.cuco.dev\/?page_id=36"},"modified":"2023-09-06T14:17:59","modified_gmt":"2023-09-06T14:17:59","slug":"konsumierende","status":"publish","type":"page","link":"https:\/\/jdh.lu\/de\/angebot\/konsumierende\/","title":{"rendered":"Konsumierende"},"content":{"rendered":"<section class=\"wpb-content-wrapper\"><p>[vc_row gap=&#8220;35&#8243; css=&#8220;.vc_custom_1651149679665{padding-top: 3% !important;padding-bottom: 10% !important;}&#8220;][vc_column width=&#8220;1\/2&#8243;][vc_custom_heading text=&#8220;Unsere Angebote&#8220; font_container=&#8220;tag:h3|text_align:left|color:%23183b56&#8243; use_theme_fonts=&#8220;yes&#8220;][vc_column_text]Die JDH bietet Hilfe und Unterst\u00fctzung f\u00fcr konsumierende Menschen und f\u00fcr ihr Umfeld an. Die Angebote reichen von Basisversorgung bis zu therapeutischen Gespr\u00e4chen.[\/vc_column_text][vc_column_text]<\/p>\n<ul>\n<li><a href=\"https:\/\/jdh.lu\/department\/service-contact\/\">Service Contact<\/a><\/li>\n<li><a href=\"https:\/\/jdh.lu\/department\/beratungsstellen\/\">Beratungsstellen<\/a><\/li>\n<li><a href=\"https:\/\/jdh.lu\/department\/substitutionsprogramm\/\">Substitutionsprogramm<\/a><\/li>\n<li><a href=\"https:\/\/jdh.lu\/department\/service-les-niches-betreutes-wohnen\/\">Service Les Niches<\/a><\/li>\n<li><a href=\"https:\/\/jdh.lu\/department\/service-parentalite\/\">Service Parentalit\u00e9<\/a><\/li>\n<\/ul>\n<p>[\/vc_column_text][\/vc_column][vc_column width=&#8220;1\/2&#8243; css=&#8220;.vc_custom_1651149628776{border-radius: 10px !important;}&#8220; el_class=&#8220;textbox-dropshadow&#8220;][vc_custom_heading text=&#8220;Weitere Fragen?&#8220; font_container=&#8220;tag:h3|text_align:left|color:%23183b56&#8243; use_theme_fonts=&#8220;yes&#8220;][vc_column_text]Bei uns sind alle Fragen erlaubt und willkommen. Egal ob Verdacht, Anfangsstadium oder fortgeschrittener Konsum, sprechen Sie uns an.[\/vc_column_text]    <div class=\"jdh-button solid-button\">\n\n        <a rel=\"\" href=\"https:\/\/jdh.lu\/kontakt\/\"\n           target=\"\">\n\t\t\tTermin vereinbaren\n            <i class=\"fa-solid fa-arrow-right\"><\/i>\n        <\/a>\n\n    <\/div>\n\n\t[vc_empty_space height=&#8220;50px&#8220;][\/vc_column][\/vc_row][vc_row full_width=&#8220;stretch_row&#8220; equal_height=&#8220;yes&#8220; content_placement=&#8220;middle&#8220; el_class=&#8220;light_txtbox&#8220; css=&#8220;.vc_custom_1658407185768{padding-bottom: 3% !important;}&#8220;][vc_column width=&#8220;1\/2&#8243; css=&#8220;.vc_custom_1651581495691{margin-bottom: 0px !important;border-bottom-width: 0px !important;padding-bottom: 0px !important;}&#8220;][vc_single_image image=&#8220;1225&#8243; img_size=&#8220;full&#8220; add_caption=&#8220;yes&#8220; el_class=&#8220;image-overlapping&#8220; css=&#8220;.vc_custom_1669380702960{margin-bottom: 0px !important;border-bottom-width: 0px !important;padding-bottom: 0px !important;}&#8220;][\/vc_column][vc_column width=&#8220;1\/2&#8243;][vc_single_image image=&#8220;299&#8243; el_class=&#8220;reddots_pattern&#8220;][vc_custom_heading text=&#8220;Angebote f\u00fcr Nahestehende&#8220; font_container=&#8220;tag:h3|text_align:left&#8220; use_theme_fonts=&#8220;yes&#8220;][vc_column_text]Wir bieten nicht nur Dienstleistungen f\u00fcr Menschen an, die konsumieren, sondern auch f\u00fcr deren Umfeld.[\/vc_column_text][vc_empty_space height=&#8220;30px&#8220;]    <div class=\"jdh-button\">\n\n        <a rel=\"\" href=\"https:\/\/jdh.lu\/angebot\/nahestehende\/\"\n           target=\"\">\n\t\t\tMehr erfahren\n            <i class=\"fa-solid fa-arrow-right\"><\/i>\n        <\/a>\n\n    <\/div>\n\n\t[\/vc_column][\/vc_row]<\/p>\n<\/section>","protected":false},"excerpt":{"rendered":"<p>[vc_row gap=&#8220;35&#8243; css=&#8220;.vc_custom_1651149679665{padding-top: 3% !important;padding-bottom: 10% !important;}&#8220;][vc_column width=&#8220;1\/2&#8243;][vc_custom_heading text=&#8220;Unsere Angebote&#8220; font_container=&#8220;tag:h3|text_align:left|color:%23183b56&#8243; use_theme_fonts=&#8220;yes&#8220;][vc_column_text]Die JDH bietet Hilfe und Unterst\u00fctzung f\u00fcr konsumierende Menschen und f\u00fcr ihr Umfeld an. Die Angebote reichen von Basisversorgung bis zu therapeutischen Gespr\u00e4chen.[\/vc_column_text][vc_column_text] Service Contact Beratungsstellen Substitutionsprogramm Service Les Niches Service Parentalit\u00e9 [\/vc_column_text][\/vc_column][vc_column width=&#8220;1\/2&#8243; css=&#8220;.vc_custom_1651149628776{border-radius: 10px !important;}&#8220; el_class=&#8220;textbox-dropshadow&#8220;][vc_custom_heading text=&#8220;Weitere Fragen?&#8220; font_container=&#8220;tag:h3|text_align:left|color:%23183b56&#8243; use_theme_fonts=&#8220;yes&#8220;][vc_column_text]Bei uns sind [&hellip;]<\/p>\n","protected":false},"author":1,"featured_media":0,"parent":78,"menu_order":0,"comment_status":"closed","ping_status":"closed","template":"","meta":{"_acf_changed":false,"inline_featured_image":false,"footnotes":""},"class_list":["post-36","page","type-page","status-publish","hentry"],"acf":[],"_links":{"self":[{"href":"https:\/\/jdh.lu\/de\/wp-json\/wp\/v2\/pages\/36","targetHints":{"allow":["GET"]}}],"collection":[{"href":"https:\/\/jdh.lu\/de\/wp-json\/wp\/v2\/pages"}],"about":[{"href":"https:\/\/jdh.lu\/de\/wp-json\/wp\/v2\/types\/page"}],"author":[{"embeddable":true,"href":"https:\/\/jdh.lu\/de\/wp-json\/wp\/v2\/users\/1"}],"replies":[{"embeddable":true,"href":"https:\/\/jdh.lu\/de\/wp-json\/wp\/v2\/comments?post=36"}],"version-history":[{"count":51,"href":"https:\/\/jdh.lu\/de\/wp-json\/wp\/v2\/pages\/36\/revisions"}],"predecessor-version":[{"id":2979,"href":"https:\/\/jdh.lu\/de\/wp-json\/wp\/v2\/pages\/36\/revisions\/2979"}],"up":[{"embeddable":true,"href":"https:\/\/jdh.lu\/de\/wp-json\/wp\/v2\/pages\/78"}],"wp:attachment":[{"href":"https:\/\/jdh.lu\/de\/wp-json\/wp\/v2\/media?parent=36"}],"curies":[{"name":"wp","href":"https:\/\/api.w.org\/{rel}","templated":true}]}}