{"id":42,"date":"2022-04-21T13:54:14","date_gmt":"2022-04-21T13:54:14","guid":{"rendered":"https:\/\/jdh.cuco.dev\/?page_id=42"},"modified":"2023-08-08T07:46:19","modified_gmt":"2023-08-08T07:46:19","slug":"abteilungen","status":"publish","type":"page","link":"https:\/\/jdh.lu\/de\/ueber-uns\/abteilungen\/","title":{"rendered":"Abteilungen"},"content":{"rendered":"<section class=\"wpb-content-wrapper\"><p>[vc_row][vc_column width=&#8220;1\/2&#8243;][vc_column_text]Die Garantie, dass der\/die Klient:in jederzeit selbst entscheiden kann, welche Ziele er oder sie verfolgen will, wie intensiv die Begleitung, Betreuung oder ambulante Therapie gehen soll, erm\u00f6glicht es den Betroffenen, die Kontrolle \u00fcber die einzelnen Arbeitsschritte zu behalten und schrittweise wieder Kontrolle \u00fcber das eigene Leben zu erlangen.[\/vc_column_text][\/vc_column][vc_column width=&#8220;1\/2&#8243;][vc_column_text]Ausgehend von dieser gemeinsamen Herangehensweise aller Mitarbeiter:innen der JDH, entwickelt jeder Service seine ihm eigene Arbeitsweise, um den Anliegen und Bed\u00fcrfnissen der Klient:innen m\u00f6glichst gut gerecht zu werden.[\/vc_column_text][\/vc_column][\/vc_row][vc_row css=&#8220;.vc_custom_1669645337293{padding-bottom: 5% !important;}&#8220;][vc_column]\r\n    <div id=\"department-69decbc599b12\" class=\"row\"><\/div>\r\n\r\n    <script>\r\n        jQuery(document).ready(function () {\r\n            sendDepartmentRequest();\r\n        });\r\n\r\n        function sendDepartmentRequest() {\r\n            cc_performPostRequest({\r\n                uniqueIdAjaxWrapper: 'department-69decbc599b12',\r\n                showLoaderAnimation: true,\r\n                postType: 'department',\r\n                count: -1,\r\n                wantCustomFields: [\"icon\", 'preview'],\r\n                wantExcerpt: true,\r\n                successCB: function (result, config) {\r\n\r\n                    if (result.data !== undefined && result.data.length !== 0) {\r\n\r\n                        let template_path = _theme_directory + '\/includes\/jdh\/departments\/templates\/';\r\n                        let item = '';\r\n                        let output = jQuery('#' + config.uniqueIdAjaxWrapper);\r\n\r\n                        jQuery.Mustache.load(template_path + 'department.html').done(function () {\r\n                            jQuery.each(result.data, function (key, obj) {\r\n                                item = jQuery.Mustache.render('department-item', obj);\r\n                                output.append(item);\r\n                            });\/\/each item\r\n                        });\/\/mustache\r\n\r\n                    } else {\r\n                        cc_debug(\"Now what?\")\r\n                        return null;\r\n                    }\r\n                }\r\n            });\r\n        }\r\n    <\/script>\r\n\r\n\t[\/vc_column][\/vc_row]<\/p>\n<\/section>","protected":false},"excerpt":{"rendered":"<p>[vc_row][vc_column width=&#8220;1\/2&#8243;][vc_column_text]Die Garantie, dass der\/die Klient:in jederzeit selbst entscheiden kann, welche Ziele er oder sie verfolgen will, wie intensiv die Begleitung, Betreuung oder ambulante Therapie gehen soll, erm\u00f6glicht es den Betroffenen, die Kontrolle \u00fcber die einzelnen Arbeitsschritte zu behalten und schrittweise wieder Kontrolle \u00fcber das eigene Leben zu erlangen.[\/vc_column_text][\/vc_column][vc_column width=&#8220;1\/2&#8243;][vc_column_text]Ausgehend von dieser gemeinsamen Herangehensweise aller [&hellip;]<\/p>\n","protected":false},"author":1,"featured_media":0,"parent":30,"menu_order":0,"comment_status":"closed","ping_status":"closed","template":"","meta":{"_acf_changed":false,"inline_featured_image":false,"footnotes":""},"class_list":["post-42","page","type-page","status-publish","hentry"],"acf":[],"_links":{"self":[{"href":"https:\/\/jdh.lu\/de\/wp-json\/wp\/v2\/pages\/42","targetHints":{"allow":["GET"]}}],"collection":[{"href":"https:\/\/jdh.lu\/de\/wp-json\/wp\/v2\/pages"}],"about":[{"href":"https:\/\/jdh.lu\/de\/wp-json\/wp\/v2\/types\/page"}],"author":[{"embeddable":true,"href":"https:\/\/jdh.lu\/de\/wp-json\/wp\/v2\/users\/1"}],"replies":[{"embeddable":true,"href":"https:\/\/jdh.lu\/de\/wp-json\/wp\/v2\/comments?post=42"}],"version-history":[{"count":38,"href":"https:\/\/jdh.lu\/de\/wp-json\/wp\/v2\/pages\/42\/revisions"}],"predecessor-version":[{"id":2473,"href":"https:\/\/jdh.lu\/de\/wp-json\/wp\/v2\/pages\/42\/revisions\/2473"}],"up":[{"embeddable":true,"href":"https:\/\/jdh.lu\/de\/wp-json\/wp\/v2\/pages\/30"}],"wp:attachment":[{"href":"https:\/\/jdh.lu\/de\/wp-json\/wp\/v2\/media?parent=42"}],"curies":[{"name":"wp","href":"https:\/\/api.w.org\/{rel}","templated":true}]}}