{"id":78,"date":"2022-04-22T10:23:32","date_gmt":"2022-04-22T10:23:32","guid":{"rendered":"https:\/\/jdh.cuco.dev\/?page_id=78"},"modified":"2023-08-11T14:38:03","modified_gmt":"2023-08-11T14:38:03","slug":"angebot","status":"publish","type":"page","link":"https:\/\/jdh.lu\/de\/angebot\/","title":{"rendered":"Angebot"},"content":{"rendered":"<section class=\"wpb-content-wrapper\"><p>[vc_row css=&#8220;.vc_custom_1651003296225{padding-top: 5% !important;padding-bottom: 10% !important;}&#8220;][vc_column width=&#8220;1\/3&#8243;][vc_custom_heading text=&#8220;Unser Angebot&#8220; font_container=&#8220;tag:div|text_align:left&#8220; use_theme_fonts=&#8220;yes&#8220; el_class=&#8220;pre-heading&#8220;][vc_custom_heading text=&#8220;Wir k\u00fcmmern uns<br \/>\num Sie&#8220; font_container=&#8220;tag:h3|text_align:left&#8220; use_theme_fonts=&#8220;yes&#8220;][vc_column_text]Seit 1986 bietet die JDH f\u00fcr Menschen die illegalisierte Drogen konsumieren und ihren Nahestehenden Unterst\u00fctzung und Begleitung an. Die vielf\u00e4ltigen Angebote sind breit gef\u00e4chert und richten sich nach den individuellen Anfragen.[\/vc_column_text][\/vc_column][vc_column width=&#8220;1\/3&#8243;][vc_single_image image=&#8220;46&#8243; img_size=&#8220;full&#8220;][vc_row_inner el_class=&#8220;white-textbox-overlapping&#8220;][vc_column_inner][vc_custom_heading text=&#8220;Unterst\u00fctzung f\u00fcr<br \/>\nKonsumierende&#8220; font_container=&#8220;tag:h4|text_align:left&#8220; use_theme_fonts=&#8220;yes&#8220;]    <div class=\"jdh-button\">\n\n        <a rel=\"\" href=\"https:\/\/jdh.lu\/angebot\/konsumierende\/\"\n           target=\"\">\n\t\t\tMehr erfahren\n            <i class=\"fa-solid fa-arrow-right\"><\/i>\n        <\/a>\n\n    <\/div>\n\n\t[\/vc_column_inner][\/vc_row_inner][\/vc_column][vc_column width=&#8220;1\/3&#8243;][vc_single_image image=&#8220;47&#8243; img_size=&#8220;full&#8220;][vc_row_inner el_class=&#8220;white-textbox-overlapping&#8220;][vc_column_inner][vc_custom_heading text=&#8220;Unterst\u00fctzung f\u00fcr<br \/>\nNahestehende&#8220; font_container=&#8220;tag:h4|text_align:left&#8220; use_theme_fonts=&#8220;yes&#8220;]    <div class=\"jdh-button\">\n\n        <a rel=\"\" href=\"https:\/\/jdh.lu\/angebot\/nahestehende\/\"\n           target=\"\">\n\t\t\tMehr erfahren\n            <i class=\"fa-solid fa-arrow-right\"><\/i>\n        <\/a>\n\n    <\/div>\n\n\t[\/vc_column_inner][\/vc_row_inner][\/vc_column][\/vc_row]<\/p>\n<\/section>","protected":false},"excerpt":{"rendered":"<p>[vc_row css=&#8220;.vc_custom_1651003296225{padding-top: 5% !important;padding-bottom: 10% !important;}&#8220;][vc_column width=&#8220;1\/3&#8243;][vc_custom_heading text=&#8220;Unser Angebot&#8220; font_container=&#8220;tag:div|text_align:left&#8220; use_theme_fonts=&#8220;yes&#8220; el_class=&#8220;pre-heading&#8220;][vc_custom_heading text=&#8220;Wir k\u00fcmmern uns um Sie&#8220; font_container=&#8220;tag:h3|text_align:left&#8220; use_theme_fonts=&#8220;yes&#8220;][vc_column_text]Seit 1986 bietet die JDH f\u00fcr Menschen die illegalisierte Drogen konsumieren und ihren Nahestehenden Unterst\u00fctzung und Begleitung an. Die vielf\u00e4ltigen Angebote sind breit gef\u00e4chert und richten sich nach den individuellen Anfragen.[\/vc_column_text][\/vc_column][vc_column width=&#8220;1\/3&#8243;][vc_single_image image=&#8220;46&#8243; img_size=&#8220;full&#8220;][vc_row_inner el_class=&#8220;white-textbox-overlapping&#8220;][vc_column_inner][vc_custom_heading text=&#8220;Unterst\u00fctzung f\u00fcr [&hellip;]<\/p>\n","protected":false},"author":1,"featured_media":0,"parent":0,"menu_order":0,"comment_status":"closed","ping_status":"closed","template":"","meta":{"_acf_changed":false,"inline_featured_image":false,"footnotes":""},"class_list":["post-78","page","type-page","status-publish","hentry"],"acf":[],"_links":{"self":[{"href":"https:\/\/jdh.lu\/de\/wp-json\/wp\/v2\/pages\/78","targetHints":{"allow":["GET"]}}],"collection":[{"href":"https:\/\/jdh.lu\/de\/wp-json\/wp\/v2\/pages"}],"about":[{"href":"https:\/\/jdh.lu\/de\/wp-json\/wp\/v2\/types\/page"}],"author":[{"embeddable":true,"href":"https:\/\/jdh.lu\/de\/wp-json\/wp\/v2\/users\/1"}],"replies":[{"embeddable":true,"href":"https:\/\/jdh.lu\/de\/wp-json\/wp\/v2\/comments?post=78"}],"version-history":[{"count":9,"href":"https:\/\/jdh.lu\/de\/wp-json\/wp\/v2\/pages\/78\/revisions"}],"predecessor-version":[{"id":2621,"href":"https:\/\/jdh.lu\/de\/wp-json\/wp\/v2\/pages\/78\/revisions\/2621"}],"wp:attachment":[{"href":"https:\/\/jdh.lu\/de\/wp-json\/wp\/v2\/media?parent=78"}],"curies":[{"name":"wp","href":"https:\/\/api.w.org\/{rel}","templated":true}]}}